{"id":33,"date":"2022-02-25T23:29:53","date_gmt":"2022-02-25T14:29:53","guid":{"rendered":"http:\/\/jaecs.org\/?page_id=33"},"modified":"2025-05-17T22:10:14","modified_gmt":"2025-05-17T13:10:14","slug":"%e5%85%a5%e4%bc%9a%e3%81%9d%e3%81%ae%e4%bb%96","status":"publish","type":"page","link":"http:\/\/jaecs.org\/?page_id=33","title":{"rendered":"\u5165\u4f1a\u305d\u306e\u4ed6"},"content":{"rendered":"\n<div class=\"wp-block-cover is-light\"><img loading=\"lazy\" decoding=\"async\" width=\"2496\" height=\"1664\" class=\"wp-block-cover__image-background wp-image-114\" alt=\"\" src=\"http:\/\/jaecs.org\/wp-content\/uploads\/2022\/03\/Agios_NikolaosIMG2_0213-B.jpg\" data-object-fit=\"cover\" srcset=\"http:\/\/jaecs.org\/wp-content\/uploads\/2022\/03\/Agios_NikolaosIMG2_0213-B.jpg 2496w, http:\/\/jaecs.org\/wp-content\/uploads\/2022\/03\/Agios_NikolaosIMG2_0213-B-300x200.jpg 300w, http:\/\/jaecs.org\/wp-content\/uploads\/2022\/03\/Agios_NikolaosIMG2_0213-B-1024x683.jpg 1024w, http:\/\/jaecs.org\/wp-content\/uploads\/2022\/03\/Agios_NikolaosIMG2_0213-B-768x512.jpg 768w, http:\/\/jaecs.org\/wp-content\/uploads\/2022\/03\/Agios_NikolaosIMG2_0213-B-1536x1024.jpg 1536w, http:\/\/jaecs.org\/wp-content\/uploads\/2022\/03\/Agios_NikolaosIMG2_0213-B-2048x1365.jpg 2048w\" sizes=\"auto, (max-width: 2496px) 100vw, 2496px\" \/><span aria-hidden=\"true\" class=\"wp-block-cover__background has-background-dim\"><\/span><div class=\"wp-block-cover__inner-container is-layout-flow wp-block-cover-is-layout-flow\">\n<p class=\"has-background-color has-text-color\">\u5165\u4f1a\u306b\u3064\u3044\u3066<\/p>\n\n\n\n<p class=\"has-background-color has-text-color has-link-color wp-elements-bcbcd729eaf5d6604ba713acf0200ecb\">\u672c\u4f1a\u3078\u306e\u5165\u4f1a\u306f\u968f\u6642\u53d7\u3051\u4ed8\u3051\u3066\u3044\u307e\u3059\u3002\u5165\u4f1a\u306e\u6b63\u5f0f\u306a\u627f\u8a8d\u306f\u5927\u4f1a\u6642\u306b\u958b\u50ac\u3055\u308c\u308b\u4f1a\u54e1\u7dcf\u4f1a\u306b\u304a\u3044\u3066\u306a\u3055\u308c\u307e\u3059\u3002<br>\u5165\u4f1a\u3092\u3054\u5e0c\u671b\u306e\u65b9\u306f\u4ee5\u4e0b\u306e\u9805\u76ee\u3092\u8a18\u3057\u3066\u3001\u90f5\u9001\u307e\u305f\u306f\u96fb\u5b50\u30e1\u30fc\u30eb\u306b\u3066\u3001<a href=\"http:\/\/jaecs.org\/?page_id=39\">\u4e8b\u52d9\u5c40<\/a>\u307e\u3067\u304a\u7533\u3057\u8fbc\u307f\u304f\u3060\u3055\u3044\u3002<\/p>\n\n\n\n<p class=\"has-background-color has-text-color has-small-font-size\">\u30001.\u6c0f\u540d<br>\u30002.\u30d5\u30ea\u30ac\u30ca<br>\u30003.\u6240\u5c5e<br>\u30004.\u4f4f\u6240\uff08\u5927\u4f1a\u6848\u5185\u7b49\u306e\u9001\u4ed8\u5148\u4f4f\u6240\uff09<br>\u30005.\u96fb\u8a71\u756a\u53f7<br>\u30006.E\u30e1\u30fc\u30eb\u30a2\u30c9\u30ec\u30b9<br>\u30007.\u63a8\u85a6\u8005\uff08\u6771\u65b9\u30ad\u30ea\u30b9\u30c8\u6559\u5b66\u4f1a\u4f1a\u54e1\uff09<br>\u30008.\u914d\u5e03\u7528\u4f1a\u54e1\u540d\u7c3f\u306b\u304a\u3051\u308b\u4f4f\u6240\u3001\u96fb\u8a71\u756a\u53f7\u3001E\u30e1\u30fc\u30eb\u30a2\u30c9\u30ec\u30b9\u306e\u516c\u958b\u53ef\u5426<\/p>\n\n\n\n<p class=\"has-background-color has-text-color has-link-color wp-elements-28efff60661cdf2e024425a58984ea53\">\u5165\u4f1a\u7533\u8fbc\u66f8:\u3000&nbsp;<a href=\"http:\/\/jaecs.org\/wp-content\/uploads\/2022\/03\/jaecs_nyuukaishinsei.docx\" data-type=\"URL\" data-id=\"http:\/\/jaecs.org\/wp-content\/uploads\/2022\/03\/jaecs_nyuukaishinsei.docx\">WORD\u5f62\u5f0f<\/a><strong>\u3000\/\u3000<\/strong><a href=\"http:\/\/jaecs.org\/wp-content\/uploads\/2022\/03\/jaecs_nyuukaishinsei.pdf\" data-type=\"URL\" data-id=\"http:\/\/jaecs.org\/wp-content\/uploads\/2022\/03\/jaecs_nyuukaishinsei.pdf\">PDF\u5f62\u5f0f<\/a><\/p>\n<\/div><\/div>\n\n\n\n<div class=\"wp-block-group is-layout-flow wp-block-group-is-layout-flow\">\n<p style=\"font-size:14px\">\u753b\u50cf\uff1aWolfgang Reiter, <a href=\"https:\/\/ja.wikipedia.org\/wiki\/%E3%82%A2%E3%83%88%E3%82%B9%E5%B1%B1#\/media\/%E3%83%95%E3%82%A1%E3%82%A4%E3%83%AB:%C3%81gios_Nik%C3%B3laos,IMG2_0213-B.jpg\" data-type=\"URL\" data-id=\"https:\/\/ja.wikipedia.org\/wiki\/%E3%82%A2%E3%83%88%E3%82%B9%E5%B1%B1#\/media\/%E3%83%95%E3%82%A1%E3%82%A4%E3%83%AB:%C3%81gios_Nik%C3%B3laos,IMG2_0213-B.jpg\">\u30a2\u30a4\u30aa\u30b9\u30fb\u30cb\u30b3\u30e9\u30aa\u30b9\u304b\u3089\u898b\u305f\u30a2\u30c8\u30b9\u5c71\uff08Blick von \u00c1gios Nik\u00f3laos aus in s\u00fcd\u00f6stliche Richtung auf Panaghi\u00e1 und Berg \u00c1thos\uff09<\/a>\u3002Wikipedia\u3088\u308a<\/p>\n\n\n\n<p><\/p>\n\n\n\n<p><a href=\"http:\/\/jaecs.org\/?page_id=35\" data-type=\"URL\" data-id=\"http:\/\/jaecs.org\/?page_id=35\">\u4f1a\u5247\u30fb\u4f1a\u8cbb\u7b49\u306b\u3064\u3044\u3066\u306f\u3053\u3061\u3089<\/a><\/p>\n<\/div>\n\n\n\n<p><\/p>\n","protected":false},"excerpt":{"rendered":"<p>\u753b\u50cf\uff1aWolfgang Reiter, \u30a2\u30a4\u30aa\u30b9\u30fb\u30cb\u30b3\u30e9\u30aa\u30b9\u304b\u3089\u898b\u305f\u30a2\u30c8\u30b9\u5c71\uff08Blick von \u00c1gios Nik\u00f3laos aus in s\u00fcd\u00f6stliche Richtung auf Panaghi\u00e1 und B [&hellip;]<\/p>\n","protected":false},"author":1,"featured_media":0,"parent":0,"menu_order":4,"comment_status":"closed","ping_status":"closed","template":"","meta":{"footnotes":""},"class_list":["post-33","page","type-page","status-publish","hentry"],"_links":{"self":[{"href":"http:\/\/jaecs.org\/index.php?rest_route=\/wp\/v2\/pages\/33","targetHints":{"allow":["GET"]}}],"collection":[{"href":"http:\/\/jaecs.org\/index.php?rest_route=\/wp\/v2\/pages"}],"about":[{"href":"http:\/\/jaecs.org\/index.php?rest_route=\/wp\/v2\/types\/page"}],"author":[{"embeddable":true,"href":"http:\/\/jaecs.org\/index.php?rest_route=\/wp\/v2\/users\/1"}],"replies":[{"embeddable":true,"href":"http:\/\/jaecs.org\/index.php?rest_route=%2Fwp%2Fv2%2Fcomments&post=33"}],"version-history":[{"count":10,"href":"http:\/\/jaecs.org\/index.php?rest_route=\/wp\/v2\/pages\/33\/revisions"}],"predecessor-version":[{"id":195,"href":"http:\/\/jaecs.org\/index.php?rest_route=\/wp\/v2\/pages\/33\/revisions\/195"}],"wp:attachment":[{"href":"http:\/\/jaecs.org\/index.php?rest_route=%2Fwp%2Fv2%2Fmedia&parent=33"}],"curies":[{"name":"wp","href":"https:\/\/api.w.org\/{rel}","templated":true}]}}